{"id":101,"date":"2024-07-15T23:04:13","date_gmt":"2024-07-15T23:04:13","guid":{"rendered":"https:\/\/ricoybonito.com\/?page_id=101"},"modified":"2025-05-28T16:46:00","modified_gmt":"2025-05-28T16:46:00","slug":"conocenos","status":"publish","type":"page","link":"https:\/\/ricoybonito.com\/index.php\/conocenos\/","title":{"rendered":"Con\u00f3cenos"},"content":{"rendered":"<p>[et_pb_section fb_built=\u00bb1&#8243; _builder_version=\u00bb4.25.1&#8243; _module_preset=\u00bbdefault\u00bb background_enable_color=\u00bboff\u00bb background_image=\u00bbhttps:\/\/ricoybonito.com\/wp-content\/uploads\/2024\/07\/RyB_assets_BG_vertical_05.png\u00bb parallax=\u00bbon\u00bb custom_margin=\u00bb-110px||||false|false\u00bb custom_margin_tablet=\u00bb-180px||||false|false\u00bb custom_margin_phone=\u00bb-330px||||false|false\u00bb custom_margin_last_edited=\u00bbon|phone\u00bb custom_padding=\u00bb200px||200px||true|false\u00bb background_last_edited=\u00bbon|phone\u00bb parallax_tablet=\u00bboff\u00bb background_size_phone=\u00bbcover\u00bb background_position_tablet=\u00bbtop_left\u00bb background_position_phone=\u00bbtop_left\u00bb global_colors_info=\u00bb{%22gcid-0ea4e22f-b34d-4d55-b8b5-6776de0cb7ad%22:%91%22background_color%22%93}\u00bb][et_pb_row custom_padding_last_edited=\u00bbon|desktop\u00bb admin_label=\u00bbHero section\u00bb _builder_version=\u00bb4.25.1&#8243; _module_preset=\u00bbdefault\u00bb width=\u00bb60vw\u00bb width_tablet=\u00bb\u00bb width_phone=\u00bb\u00bb width_last_edited=\u00bbon|desktop\u00bb max_width=\u00bb60vw\u00bb max_width_tablet=\u00bb\u00bb max_width_phone=\u00bb\u00bb max_width_last_edited=\u00bbon|desktop\u00bb custom_padding=\u00bb200px||150px||false|false\u00bb custom_padding_tablet=\u00bb90px||||false|false\u00bb custom_padding_phone=\u00bb50px||50px||false|false\u00bb global_colors_info=\u00bb{}\u00bb][et_pb_column type=\u00bb4_4&#8243; _builder_version=\u00bb4.25.1&#8243; _module_preset=\u00bbdefault\u00bb global_colors_info=\u00bb{}\u00bb][et_pb_image src=\u00bbhttps:\/\/ricoybonito.com\/wp-content\/uploads\/2024\/07\/Recurso-3.png\u00bb title_text=\u00bbRecurso 3&#8243; align=\u00bbcenter\u00bb _builder_version=\u00bb4.25.1&#8243; _module_preset=\u00bbdefault\u00bb width=\u00bb20vw\u00bb width_tablet=\u00bb20vw\u00bb width_phone=\u00bb40vw\u00bb width_last_edited=\u00bbon|phone\u00bb max_width=\u00bb20vw\u00bb max_width_tablet=\u00bb20vw\u00bb max_width_phone=\u00bb40vw\u00bb max_width_last_edited=\u00bbon|phone\u00bb custom_margin_tablet=\u00bb\u00bb custom_margin_phone=\u00bb0px||||false|false\u00bb custom_margin_last_edited=\u00bbon|phone\u00bb custom_padding_tablet=\u00bb\u00bb custom_padding_phone=\u00bb20px||||false|false\u00bb custom_padding_last_edited=\u00bbon|phone\u00bb global_colors_info=\u00bb{}\u00bb][\/et_pb_image][et_pb_text _builder_version=\u00bb4.25.1&#8243; _module_preset=\u00bbdefault\u00bb header_font=\u00bbSpace Mono||||||||\u00bb header_text_color=\u00bbgcid-428b1589-25ce-4133-9b31-3685c32285c6&#8243; custom_padding=\u00bb30px||50px||false|false\u00bb global_colors_info=\u00bb{%22gcid-428b1589-25ce-4133-9b31-3685c32285c6%22:%91%22text_text_color%22,%22header_text_color%22%93}\u00bb]<\/p>\n<p><strong>En 2021,<\/strong> en plena pandemia, nos dimos cuenta que pensar, compartir, leer y escuchar sobre c\u00f3mo otras personas priorizan el placer, la autenticidad y la salud en sus relaciones, cambi\u00f3 la forma en la que entend\u00edamos el mundo, el amor y la sexualidad. Con la intenci\u00f3n de aportar a esa conversaci\u00f3n,<strong> creamos el podcast \u201cRico y bonito\u201d<\/strong> (antes \u201cCoger rico y amar bonito), que ahora se est\u00e1 convirtiendo en una plataforma de aprendizaje y di\u00e1logo para tener relaciones humanas m\u00e1s plenas. Queremos formar comunidades <strong>en donde cuestionemos lo que sabemos para construir lo que queremos<\/strong>, mientras nos divertimos en el proceso.<\/p>\n<p>[\/et_pb_text][et_pb_image src=\u00bbhttps:\/\/ricoybonito.com\/wp-content\/uploads\/2024\/07\/RyB-Assets_flecha_08.png\u00bb title_text=\u00bbRyB-Assets_flecha_08&#8243; align=\u00bbcenter\u00bb _builder_version=\u00bb4.25.1&#8243; _module_preset=\u00bbdefault\u00bb scroll_vertical_motion_enable=\u00bbon\u00bb scroll_vertical_motion=\u00bb0|50|50|100|-1|0|1&#8243; global_colors_info=\u00bb{}\u00bb][\/et_pb_image][dipl_text_highlighter _builder_version=\u00bb4.25.1&#8243; _module_preset=\u00bbdefault\u00bb global_colors_info=\u00bb{}\u00bb][\/dipl_text_highlighter][\/et_pb_column][\/et_pb_row][\/et_pb_section][et_pb_section fb_built=\u00bb1&#8243; admin_label=\u00bbSecci\u00f3n\u00bb _builder_version=\u00bb4.25.1&#8243; _module_preset=\u00bbdefault\u00bb background_enable_color=\u00bboff\u00bb background_image=\u00bbhttps:\/\/ricoybonito.com\/wp-content\/uploads\/2024\/07\/RyB_assets_BG_vertical_09.png\u00bb parallax=\u00bbon\u00bb global_colors_info=\u00bb{%22gcid-e25c072f-9caa-426b-aea2-08bd41c8f1a5%22:%91%22background_color%22,%22background_color_gradient_stops%22%93,%22gcid-19b741b2-551b-4633-855c-bc9e4774add8%22:%91%22background_color_gradient_stops%22%93,%22gcid-df22a5b9-e5e4-4835-b318-42f755100929%22:%91%22background_color_gradient_stops%22%93}\u00bb][et_pb_row admin_label=\u00bbPodcast\u00bb _builder_version=\u00bb4.25.1&#8243; _module_preset=\u00bbdefault\u00bb background_enable_image=\u00bboff\u00bb background_size=\u00bbinitial\u00bb background_position=\u00bbbottom_left\u00bb background_horizontal_offset=\u00bb10%\u00bb scroll_horizontal_motion=\u00bb0|50|50|100|4|0|0&#8243; scroll_horizontal_motion_tablet=\u00bb0|50|50|100|4|0|0&#8243; scroll_horizontal_motion_phone=\u00bb0|50|50|100|4|0|0&#8243; scroll_horizontal_motion_last_edited=\u00bbon|desktop\u00bb global_colors_info=\u00bb{}\u00bb][et_pb_column type=\u00bb4_4&#8243; _builder_version=\u00bb4.25.1&#8243; _module_preset=\u00bbdefault\u00bb global_colors_info=\u00bb{}\u00bb][et_pb_image src=\u00bbhttps:\/\/ricoybonito.com\/wp-content\/uploads\/2024\/07\/RyB-Assets_flechasDobles_009.png\u00bb title_text=\u00bbRyB-Assets_flechasDobles_009&#8243; align=\u00bbcenter\u00bb _builder_version=\u00bb4.25.1&#8243; _module_preset=\u00bbdefault\u00bb scroll_vertical_motion=\u00bb0|50|50|100|-1.5|0|0&#8243; scroll_horizontal_motion_enable=\u00bbon\u00bb scroll_horizontal_motion=\u00bb0|50|50|100|-3|0|0&#8243; global_colors_info=\u00bb{}\u00bb][\/et_pb_image][\/et_pb_column][\/et_pb_row][et_pb_row column_structure=\u00bb2_5,3_5&#8243; custom_padding_last_edited=\u00bbon|tablet\u00bb _builder_version=\u00bb4.25.1&#8243; _module_preset=\u00bbdefault\u00bb width_tablet=\u00bb75vw\u00bb max_width_tablet=\u00bb75vw\u00bb custom_padding_tablet=\u00bb0px||||false|false\u00bb custom_padding_phone=\u00bb0px||||false|false\u00bb locked=\u00bboff\u00bb global_colors_info=\u00bb{}\u00bb][et_pb_column type=\u00bb2_5&#8243; _builder_version=\u00bb4.25.1&#8243; _module_preset=\u00bbdefault\u00bb global_colors_info=\u00bb{}\u00bb][et_pb_image src=\u00bbhttps:\/\/ricoybonito.com\/wp-content\/uploads\/2025\/05\/photo_2025-05-28_10-44-15.jpg\u00bb title_text=\u00bbphoto_2025-05-28_10-44-15&#8243; align=\u00bbcenter\u00bb show_bottom_space_phone=\u00bboff\u00bb show_bottom_space_last_edited=\u00bboff|phone\u00bb align_tablet=\u00bbcenter\u00bb align_phone=\u00bbcenter\u00bb align_last_edited=\u00bbon|tablet\u00bb _builder_version=\u00bb4.25.1&#8243; _module_preset=\u00bbdefault\u00bb width=\u00bb65%\u00bb width_tablet=\u00bb65%\u00bb width_phone=\u00bb100%\u00bb width_last_edited=\u00bbon|phone\u00bb max_width=\u00bb65%\u00bb max_width_tablet=\u00bb65%\u00bb max_width_phone=\u00bb100%\u00bb max_width_last_edited=\u00bbon|phone\u00bb hover_enabled=\u00bb0&#8243; border_radii=\u00bbon|300px|300px|300px|300px\u00bb global_colors_info=\u00bb{}\u00bb sticky_enabled=\u00bb0&#8243;][\/et_pb_image][\/et_pb_column][et_pb_column type=\u00bb3_5&#8243; _builder_version=\u00bb4.25.1&#8243; _module_preset=\u00bbdefault\u00bb global_colors_info=\u00bb{}\u00bb][et_pb_text _builder_version=\u00bb4.25.1&#8243; _module_preset=\u00bbdefault\u00bb header_text_align=\u00bbleft\u00bb header_text_color=\u00bbgcid-e25c072f-9caa-426b-aea2-08bd41c8f1a5&#8243; text_orientation=\u00bbcenter\u00bb width=\u00bb50vw\u00bb max_width=\u00bb50vw\u00bb module_alignment=\u00bbcenter\u00bb custom_padding=\u00bb||0px||false|false\u00bb custom_padding_phone=\u00bb0px||0px||false|false\u00bb header_text_align_tablet=\u00bbcenter\u00bb header_text_align_phone=\u00bbcenter\u00bb header_text_align_last_edited=\u00bbon|phone\u00bb global_colors_info=\u00bb{%22gcid-428b1589-25ce-4133-9b31-3685c32285c6%22:%91%22text_text_color%22,%22text_text_color%22%93,%22gcid-e25c072f-9caa-426b-aea2-08bd41c8f1a5%22:%91%22header_text_color%22%93}\u00bb]<\/p>\n<h1>Paola Aguilar<\/h1>\n<p>[\/et_pb_text][et_pb_text _builder_version=\u00bb4.25.1&#8243; _module_preset=\u00bbdefault\u00bb custom_margin=\u00bb||||false|false\u00bb custom_margin_tablet=\u00bb||||false|false\u00bb custom_margin_phone=\u00bb||20px||false|false\u00bb custom_margin_last_edited=\u00bbon|phone\u00bb custom_padding=\u00bb||0px||false|false\u00bb custom_padding_phone=\u00bb0px||0px||false|false\u00bb global_colors_info=\u00bb{%22gcid-428b1589-25ce-4133-9b31-3685c32285c6%22:%91%22text_text_color%22%93}\u00bb]<\/p>\n<p><strong>Paola Aguilar<\/strong> es periodista de formaci\u00f3n, escritora y educadora sexual. Tiene un diplomado en sexolog\u00eda educativa por el <strong>Instituto Mexicano de Sexolog\u00eda.<\/strong> Es cohost y editora del podcast <strong>\u00abRico y Bonito\u00bb<\/strong> desde 2021 y escribe y crea contenido sobre relaciones humanas, sexualidad y no monogamias. Fue embajadora de <strong>JOYclub M\u00e9xico<\/strong>, donde imparti\u00f3 talleres de sexualidad y relaciones. Actualmente tiene un proyecto de educaci\u00f3n sexual sin censura que pueden encontrar en su perfil de Instagram.\u00a0<\/p>\n<p>[\/et_pb_text][et_pb_text _builder_version=\u00bb4.25.1&#8243; _module_preset=\u00bbdefault\u00bb custom_margin=\u00bb0px||0px||false|false\u00bb custom_padding=\u00bb0px||0px||false|false\u00bb custom_padding_tablet=\u00bb||90px||false|false\u00bb custom_padding_phone=\u00bb0px||0px||false|false\u00bb link_option_url=\u00bbhttps:\/\/www.instagram.com\/paola_aguilar_r\/\u00bb link_option_url_new_window=\u00bbon\u00bb text_font_size_phone=\u00bb4.2vw\u00bb text_orientation_tablet=\u00bbcenter\u00bb text_orientation_phone=\u00bbcenter\u00bb text_orientation_last_edited=\u00bbon|phone\u00bb global_colors_info=\u00bb{}\u00bb transform_styles__hover_enabled=\u00bbon|hover\u00bb transform_scale__hover_enabled=\u00bbon|hover\u00bb transform_translate__hover_enabled=\u00bbon|desktop\u00bb transform_rotate__hover_enabled=\u00bbon|desktop\u00bb transform_skew__hover_enabled=\u00bbon|desktop\u00bb transform_origin__hover_enabled=\u00bbon|desktop\u00bb transform_scale__hover=\u00bb110%|110%\u00bb]<\/p>\n<p><span style=\"color: #e816e2;\"><strong>@paola_aguilar_r<\/strong><\/span><\/p>\n<p>[\/et_pb_text][\/et_pb_column][\/et_pb_row][et_pb_row column_structure=\u00bb3_5,2_5&#8243; custom_padding_last_edited=\u00bbon|tablet\u00bb _builder_version=\u00bb4.25.1&#8243; _module_preset=\u00bbdefault\u00bb width_tablet=\u00bb75vw\u00bb max_width_tablet=\u00bb75vw\u00bb custom_padding_tablet=\u00bb0px||||false|false\u00bb custom_padding_phone=\u00bb0px||||false|false\u00bb locked=\u00bboff\u00bb global_colors_info=\u00bb{}\u00bb][et_pb_column type=\u00bb3_5&#8243; _builder_version=\u00bb4.25.1&#8243; _module_preset=\u00bbdefault\u00bb global_colors_info=\u00bb{}\u00bb][et_pb_image src=\u00bbhttps:\/\/ricoybonito.com\/wp-content\/uploads\/2024\/08\/RyB-Cesar.png\u00bb title_text=\u00bbRyB-Cesar\u00bb show_bottom_space=\u00bboff\u00bb show_bottom_space_tablet=\u00bbon\u00bb show_bottom_space_phone=\u00bbon\u00bb show_bottom_space_last_edited=\u00bbon|tablet\u00bb align_tablet=\u00bbcenter\u00bb align_phone=\u00bbcenter\u00bb align_last_edited=\u00bbon|tablet\u00bb disabled_on=\u00bboff|off|on\u00bb _builder_version=\u00bb4.25.1&#8243; _module_preset=\u00bbdefault\u00bb width=\u00bb65%\u00bb width_tablet=\u00bb65%\u00bb width_phone=\u00bb100%\u00bb width_last_edited=\u00bbon|phone\u00bb max_width=\u00bb65%\u00bb max_width_tablet=\u00bb65%\u00bb max_width_phone=\u00bb100%\u00bb max_width_last_edited=\u00bbon|phone\u00bb module_alignment=\u00bbcenter\u00bb custom_padding_tablet=\u00bb\u00bb custom_padding_phone=\u00bb50px||||false|false\u00bb custom_padding_last_edited=\u00bbon|phone\u00bb border_radii=\u00bbon|200px|200px|200px|200px\u00bb global_colors_info=\u00bb{}\u00bb][\/et_pb_image][et_pb_text _builder_version=\u00bb4.25.1&#8243; _module_preset=\u00bbdefault\u00bb header_text_align=\u00bbleft\u00bb header_text_color=\u00bbgcid-e25c072f-9caa-426b-aea2-08bd41c8f1a5&#8243; text_orientation=\u00bbcenter\u00bb width=\u00bb50vw\u00bb max_width=\u00bb50vw\u00bb module_alignment=\u00bbcenter\u00bb custom_padding=\u00bb||0px||false|false\u00bb header_text_align_tablet=\u00bbcenter\u00bb header_text_align_phone=\u00bbcenter\u00bb header_text_align_last_edited=\u00bbon|phone\u00bb global_colors_info=\u00bb{%22gcid-428b1589-25ce-4133-9b31-3685c32285c6%22:%91%22text_text_color%22,%22text_text_color%22%93,%22gcid-e25c072f-9caa-426b-aea2-08bd41c8f1a5%22:%91%22header_text_color%22%93}\u00bb]<\/p>\n<h1>C\u00e9sar Galicia<\/h1>\n<p>[\/et_pb_text][et_pb_text _builder_version=\u00bb4.25.1&#8243; _module_preset=\u00bbdefault\u00bb custom_margin_tablet=\u00bb\u00bb custom_margin_phone=\u00bb||20px||false|false\u00bb custom_margin_last_edited=\u00bbon|phone\u00bb custom_padding=\u00bb||0px||false|false\u00bb custom_padding_phone=\u00bb0px||0px||false|false\u00bb global_colors_info=\u00bb{%22gcid-428b1589-25ce-4133-9b31-3685c32285c6%22:%91%22text_text_color%22%93}\u00bb]<\/p>\n<p><strong>C\u00e9sar Galicia<\/strong> es psicoterapeuta, sex\u00f3logo, conferencista, escritor y creador de contenido. Autor de la novela <strong>\u201cDime lo que quiero\u201d<\/strong> (Planeta) y del libro de educaci\u00f3n sexual <strong>\u00abDe eso no se habla, pero aqu\u00ed se responden 51 preguntas sobre sexualidad, placer y deseo\u00bb<\/strong> (Oc\u00e9ano). Conferencista para empresas y organizaciones nacionales e internacionales. Es cohost del podcast sobre sexualidad y relaciones, <strong>\u00abRico y Bonito\u00bb<\/strong>. Ha publicado m\u00e1s de un centenar de textos sobre sexualidad, salud, masculinidad y placer en distintos medios impresos y digitales. Ha sido 2 veces TEDx speaker.<\/p>\n<p>[\/et_pb_text][et_pb_text _builder_version=\u00bb4.25.1&#8243; _module_preset=\u00bbdefault\u00bb custom_margin=\u00bb0px||0px||false|false\u00bb custom_padding=\u00bb0px||0px||false|false\u00bb custom_padding_phone=\u00bb0px||0px||false|false\u00bb link_option_url=\u00bbhttps:\/\/www.instagram.com\/cesargalicia\/\u00bb link_option_url_new_window=\u00bbon\u00bb text_font_size_phone=\u00bb4.2vw\u00bb text_orientation_tablet=\u00bbcenter\u00bb text_orientation_phone=\u00bbcenter\u00bb text_orientation_last_edited=\u00bbon|phone\u00bb global_colors_info=\u00bb{}\u00bb transform_styles__hover_enabled=\u00bbon|hover\u00bb transform_scale__hover=\u00bb110%|110%\u00bb transform_scale__hover_enabled=\u00bbon|hover\u00bb transform_translate__hover_enabled=\u00bbon|desktop\u00bb transform_rotate__hover_enabled=\u00bbon|desktop\u00bb transform_skew__hover_enabled=\u00bbon|desktop\u00bb transform_origin__hover_enabled=\u00bbon|desktop\u00bb]<\/p>\n<p><strong><span style=\"color: #e816e2;\">@cesargalicia<\/span><\/strong><\/p>\n<p>[\/et_pb_text][\/et_pb_column][et_pb_column type=\u00bb2_5&#8243; _builder_version=\u00bb4.25.1&#8243; _module_preset=\u00bbdefault\u00bb global_colors_info=\u00bb{}\u00bb][et_pb_image src=\u00bbhttps:\/\/ricoybonito.com\/wp-content\/uploads\/2024\/08\/RyB-Cesar.png\u00bb title_text=\u00bbRyB-Cesar\u00bb align_tablet=\u00bbcenter\u00bb align_phone=\u00bbcenter\u00bb align_last_edited=\u00bbon|tablet\u00bb disabled_on=\u00bbon|on|off\u00bb _builder_version=\u00bb4.25.1&#8243; _module_preset=\u00bbdefault\u00bb width=\u00bb65%\u00bb max_width=\u00bb65%\u00bb module_alignment=\u00bbcenter\u00bb border_radii=\u00bbon|200px|200px|200px|200px\u00bb global_colors_info=\u00bb{}\u00bb][\/et_pb_image][\/et_pb_column][\/et_pb_row][et_pb_row _builder_version=\u00bb4.25.1&#8243; _module_preset=\u00bbdefault\u00bb custom_padding_tablet=\u00bb0px||||false|false\u00bb global_colors_info=\u00bb{}\u00bb][et_pb_column type=\u00bb4_4&#8243; _builder_version=\u00bb4.25.1&#8243; _module_preset=\u00bbdefault\u00bb global_colors_info=\u00bb{}\u00bb][et_pb_image src=\u00bbhttps:\/\/ricoybonito.com\/wp-content\/uploads\/2024\/07\/RyB-Assets_flecha_09.png\u00bb title_text=\u00bbRyB-Assets_flecha_09&#8243; align=\u00bbcenter\u00bb _builder_version=\u00bb4.25.1&#8243; _module_preset=\u00bbdefault\u00bb scroll_vertical_motion_enable=\u00bbon\u00bb scroll_vertical_motion=\u00bb0|50|50|100|-1.5|0|0&#8243; global_colors_info=\u00bb{}\u00bb][\/et_pb_image][\/et_pb_column][\/et_pb_row][\/et_pb_section][et_pb_section fb_built=\u00bb1&#8243; _builder_version=\u00bb4.25.1&#8243; _module_preset=\u00bbdefault\u00bb background_image=\u00bbhttps:\/\/ricoybonito.com\/wp-content\/uploads\/2024\/07\/RyB_assets_BG_vertical_05.png\u00bb parallax=\u00bbon\u00bb global_colors_info=\u00bb{}\u00bb][et_pb_row _builder_version=\u00bb4.25.1&#8243; _module_preset=\u00bbdefault\u00bb global_colors_info=\u00bb{}\u00bb][et_pb_column type=\u00bb4_4&#8243; _builder_version=\u00bb4.25.1&#8243; _module_preset=\u00bbdefault\u00bb global_colors_info=\u00bb{}\u00bb][et_pb_text _builder_version=\u00bb4.25.1&#8243; _module_preset=\u00bbdefault\u00bb header_text_color=\u00bbgcid-e25c072f-9caa-426b-aea2-08bd41c8f1a5&#8243; custom_padding=\u00bb||0px||false|false\u00bb global_colors_info=\u00bb{%22gcid-428b1589-25ce-4133-9b31-3685c32285c6%22:%91%22text_text_color%22,%22text_text_color%22%93,%22gcid-e25c072f-9caa-426b-aea2-08bd41c8f1a5%22:%91%22header_text_color%22%93}\u00bb]<\/p>\n<h1>Nuestro trabajo<\/h1>\n<p>[\/et_pb_text][et_pb_image src=\u00bbhttps:\/\/ricoybonito.com\/wp-content\/uploads\/2024\/07\/RyB-Assets_flechasDobles_09.png\u00bb title_text=\u00bbRyB-Assets_flechasDobles_09&#8243; _builder_version=\u00bb4.25.1&#8243; _module_preset=\u00bbdefault\u00bb width_tablet=\u00bb\u00bb width_phone=\u00bb10vw\u00bb width_last_edited=\u00bbon|phone\u00bb max_width_tablet=\u00bb\u00bb max_width_phone=\u00bb10vw\u00bb max_width_last_edited=\u00bbon|phone\u00bb scroll_vertical_motion_enable=\u00bbon\u00bb scroll_vertical_motion=\u00bb0|50|50|100|-1|0|0&#8243; module_alignment_tablet=\u00bb\u00bb module_alignment_phone=\u00bbcenter\u00bb module_alignment_last_edited=\u00bbon|phone\u00bb global_colors_info=\u00bb{}\u00bb][\/et_pb_image][\/et_pb_column][\/et_pb_row][et_pb_row column_structure=\u00bb1_3,1_3,1_3&#8243; _builder_version=\u00bb4.25.1&#8243; _module_preset=\u00bbdefault\u00bb custom_padding=\u00bb0px||||false|false\u00bb custom_padding_tablet=\u00bb0px||||false|false\u00bb custom_padding_phone=\u00bb0px||||false|false\u00bb global_colors_info=\u00bb{}\u00bb][et_pb_column type=\u00bb1_3&#8243; _builder_version=\u00bb4.25.1&#8243; _module_preset=\u00bbdefault\u00bb global_colors_info=\u00bb{}\u00bb][et_pb_text _builder_version=\u00bb4.25.1&#8243; _dynamic_attributes=\u00bblink_option_url\u00bb _module_preset=\u00bbdefault\u00bb header_2_text_align=\u00bbcenter\u00bb header_2_text_color=\u00bb#FFFFFF\u00bb background_image=\u00bbhttps:\/\/ricoybonito.com\/wp-content\/uploads\/2024\/07\/RyB-Background.jpg\u00bb custom_padding=\u00bb155px|5vw|155px|5vw|true|true\u00bb custom_padding_phone=\u00bb100px||100px||true|false\u00bb link_option_url=\u00bb@ET-DC@eyJkeW5hbWljIjp0cnVlLCJjb250ZW50IjoicG9zdF9saW5rX3VybF9wYWdlIiwic2V0dGluZ3MiOnsicG9zdF9pZCI6Ijk3In19@\u00bb border_radii=\u00bbon|30px|30px|30px|30px\u00bb global_colors_info=\u00bb{}\u00bb transform_styles__hover_enabled=\u00bbon|hover\u00bb transform_scale__hover_enabled=\u00bbon|hover\u00bb transform_translate__hover_enabled=\u00bbon|desktop\u00bb transform_rotate__hover_enabled=\u00bbon|desktop\u00bb transform_skew__hover_enabled=\u00bbon|desktop\u00bb transform_origin__hover_enabled=\u00bbon|desktop\u00bb transform_scale__hover=\u00bb110%|110%\u00bb][\/et_pb_text][et_pb_button button_url=\u00bb@ET-DC@eyJkeW5hbWljIjp0cnVlLCJjb250ZW50IjoicG9zdF9saW5rX3VybF9wYWdlIiwic2V0dGluZ3MiOnsicG9zdF9pZCI6Ijk3In19@\u00bb button_text=\u00bbCursos\u00bb _builder_version=\u00bb4.25.1&#8243; _dynamic_attributes=\u00bbbutton_url\u00bb _module_preset=\u00bbdefault\u00bb custom_margin=\u00bb||||false|false\u00bb custom_margin_tablet=\u00bb||50px||false|false\u00bb custom_margin_phone=\u00bb||50px||false|false\u00bb custom_margin_last_edited=\u00bbon|tablet\u00bb custom_padding_tablet=\u00bb||||false|false\u00bb custom_padding_phone=\u00bb||||false|false\u00bb custom_padding_last_edited=\u00bbon|tablet\u00bb global_colors_info=\u00bb{}\u00bb][\/et_pb_button][\/et_pb_column][et_pb_column type=\u00bb1_3&#8243; _builder_version=\u00bb4.25.1&#8243; _module_preset=\u00bbdefault\u00bb global_colors_info=\u00bb{}\u00bb][et_pb_text _builder_version=\u00bb4.25.1&#8243; _module_preset=\u00bbdefault\u00bb header_2_text_align=\u00bbcenter\u00bb header_2_text_color=\u00bb#FFFFFF\u00bb background_image=\u00bbhttps:\/\/ricoybonito.com\/wp-content\/uploads\/2024\/07\/LibroCesarMockup-1.png\u00bb custom_padding=\u00bb155px|5vw|155px|5vw|true|true\u00bb custom_padding_phone=\u00bb100px||100px||true|false\u00bb link_option_url=\u00bbhttps:\/\/ricoybonito.com\/index.php\/proyectos\/#libros\/\u00bb border_radii=\u00bbon|30px|30px|30px|30px\u00bb global_colors_info=\u00bb{}\u00bb transform_styles__hover_enabled=\u00bbon|hover\u00bb transform_scale__hover_enabled=\u00bbon|hover\u00bb transform_translate__hover_enabled=\u00bbon|desktop\u00bb transform_rotate__hover_enabled=\u00bbon|desktop\u00bb transform_skew__hover_enabled=\u00bbon|desktop\u00bb transform_origin__hover_enabled=\u00bbon|desktop\u00bb transform_scale__hover=\u00bb110%|110%\u00bb][\/et_pb_text][et_pb_button button_url=\u00bbhttps:\/\/ricoybonito.com\/index.php\/proyectos\/#libros\/\u00bb button_text=\u00bbLibros\u00bb _builder_version=\u00bb4.25.1&#8243; _module_preset=\u00bbdefault\u00bb custom_margin_tablet=\u00bb||50px||false|false\u00bb custom_margin_phone=\u00bb||50px||false|false\u00bb custom_margin_last_edited=\u00bbon|tablet\u00bb global_colors_info=\u00bb{}\u00bb][\/et_pb_button][\/et_pb_column][et_pb_column type=\u00bb1_3&#8243; _builder_version=\u00bb4.25.1&#8243; _module_preset=\u00bbdefault\u00bb global_colors_info=\u00bb{}\u00bb][et_pb_text _builder_version=\u00bb4.25.1&#8243; _module_preset=\u00bbdefault\u00bb header_2_text_align=\u00bbcenter\u00bb header_2_text_color=\u00bb#FFFFFF\u00bb background_image=\u00bbhttps:\/\/ricoybonito.com\/wp-content\/uploads\/2024\/08\/ab6765630000ba8a51d200c87ddcbdacca0016a8.jpg\u00bb custom_padding=\u00bb155px|5vw|155px|5vw|true|true\u00bb custom_padding_phone=\u00bb100px||100px||true|false\u00bb link_option_url=\u00bbhttps:\/\/open.spotify.com\/show\/6gzYIr40swRRqvWSkNb0Ux\u00bb link_option_url_new_window=\u00bbon\u00bb border_radii=\u00bbon|30px|30px|30px|30px\u00bb global_colors_info=\u00bb{}\u00bb transform_styles__hover_enabled=\u00bbon|hover\u00bb transform_scale__hover_enabled=\u00bbon|hover\u00bb transform_translate__hover_enabled=\u00bbon|desktop\u00bb transform_rotate__hover_enabled=\u00bbon|desktop\u00bb transform_skew__hover_enabled=\u00bbon|desktop\u00bb transform_origin__hover_enabled=\u00bbon|desktop\u00bb transform_scale__hover=\u00bb110%|110%\u00bb][\/et_pb_text][et_pb_button button_url=\u00bbhttps:\/\/open.spotify.com\/show\/6gzYIr40swRRqvWSkNb0Ux\u00bb url_new_window=\u00bbon\u00bb button_text=\u00bbPodcast\u00bb _builder_version=\u00bb4.25.1&#8243; _module_preset=\u00bbdefault\u00bb global_colors_info=\u00bb{}\u00bb][\/et_pb_button][\/et_pb_column][\/et_pb_row][et_pb_row _builder_version=\u00bb4.25.1&#8243; _module_preset=\u00bbdefault\u00bb custom_padding=\u00bb0px||||false|false\u00bb custom_padding_tablet=\u00bb0px||||false|false\u00bb global_colors_info=\u00bb{}\u00bb][et_pb_column type=\u00bb4_4&#8243; _builder_version=\u00bb4.25.1&#8243; _module_preset=\u00bbdefault\u00bb global_colors_info=\u00bb{}\u00bb][et_pb_image src=\u00bbhttps:\/\/ricoybonito.com\/wp-content\/uploads\/2024\/07\/RyB-Assets_flechasDobles_09-1.png\u00bb title_text=\u00bbRyB-Assets_flechasDobles_09&#8243; align=\u00bbright\u00bb _builder_version=\u00bb4.25.1&#8243; _module_preset=\u00bbdefault\u00bb scroll_horizontal_motion_enable=\u00bbon\u00bb scroll_horizontal_motion=\u00bb0|50|50|100|-2|0|0&#8243; global_colors_info=\u00bb{}\u00bb][\/et_pb_image][\/et_pb_column][\/et_pb_row][\/et_pb_section]<\/p>\n","protected":false},"excerpt":{"rendered":"<p>En 2021, en plena pandemia, nos dimos cuenta que pensar, compartir, leer y escuchar sobre c\u00f3mo otras personas priorizan el placer, la autenticidad y la salud en sus relaciones, cambi\u00f3 la forma en la que entend\u00edamos el mundo, el amor y la sexualidad. Con la intenci\u00f3n de aportar a esa conversaci\u00f3n, creamos el podcast \u201cRico [&hellip;]<\/p>\n","protected":false},"author":2,"featured_media":0,"parent":0,"menu_order":0,"comment_status":"closed","ping_status":"closed","template":"","meta":{"_et_pb_use_builder":"on","_et_pb_old_content":"<!-- wp:divi\/placeholder \/-->","_et_gb_content_width":"","footnotes":""},"dipi_cpt_category":[],"class_list":["post-101","page","type-page","status-publish","hentry"],"_links":{"self":[{"href":"https:\/\/ricoybonito.com\/index.php\/wp-json\/wp\/v2\/pages\/101","targetHints":{"allow":["GET"]}}],"collection":[{"href":"https:\/\/ricoybonito.com\/index.php\/wp-json\/wp\/v2\/pages"}],"about":[{"href":"https:\/\/ricoybonito.com\/index.php\/wp-json\/wp\/v2\/types\/page"}],"author":[{"embeddable":true,"href":"https:\/\/ricoybonito.com\/index.php\/wp-json\/wp\/v2\/users\/2"}],"replies":[{"embeddable":true,"href":"https:\/\/ricoybonito.com\/index.php\/wp-json\/wp\/v2\/comments?post=101"}],"version-history":[{"count":64,"href":"https:\/\/ricoybonito.com\/index.php\/wp-json\/wp\/v2\/pages\/101\/revisions"}],"predecessor-version":[{"id":887,"href":"https:\/\/ricoybonito.com\/index.php\/wp-json\/wp\/v2\/pages\/101\/revisions\/887"}],"wp:attachment":[{"href":"https:\/\/ricoybonito.com\/index.php\/wp-json\/wp\/v2\/media?parent=101"}],"wp:term":[{"taxonomy":"dipi_cpt_category","embeddable":true,"href":"https:\/\/ricoybonito.com\/index.php\/wp-json\/wp\/v2\/dipi_cpt_category?post=101"}],"curies":[{"name":"wp","href":"https:\/\/api.w.org\/{rel}","templated":true}]}}